{"id":15,"date":"2026-03-24T08:11:44","date_gmt":"2026-03-24T08:11:44","guid":{"rendered":"https:\/\/proeditpress.com\/?page_id=15"},"modified":"2026-04-05T18:07:58","modified_gmt":"2026-04-05T18:07:58","slug":"tro-choi-8kbet","status":"publish","type":"page","link":"https:\/\/proeditpress.com\/tro-choi-8kbet\/","title":{"rendered":"Tr\u00f2 ch\u01a1i"},"content":{"rendered":"<h1 style=\"text-align: center;\">Tr\u00f2 Ch\u01a1i 8KBET \u2013 Kho Game 1000+ Th\u1ec3 Lo\u1ea1i \u0110\u1ec9nh Cao<\/h1>\n<figure id=\"attachment_170\" aria-describedby=\"caption-attachment-170\" style=\"width: 800px\" class=\"wp-caption aligncenter\"><a href=\"https:\/\/proeditpress.com\/index.php\/tro-choi\/tro-choi-8kbet\/#main\" rel=\"attachment wp-att-170\"><img loading=\"lazy\" decoding=\"async\" class=\"size-full wp-image-170\" src=\"http:\/\/proeditpress.com\/wp-content\/uploads\/2026\/04\/tro-choi-8kbet.jpg\" alt=\"Tr\u00f2 Ch\u01a1i 8KBET \u2013 Kho Game 1000+ Th\u1ec3 Lo\u1ea1i H\u1ea5p D\u1eabn Nh\u1ea5t 2026\" width=\"800\" height=\"450\" srcset=\"https:\/\/proeditpress.com\/wp-content\/uploads\/2026\/04\/tro-choi-8kbet.jpg 800w, https:\/\/proeditpress.com\/wp-content\/uploads\/2026\/04\/tro-choi-8kbet-300x169.jpg 300w, https:\/\/proeditpress.com\/wp-content\/uploads\/2026\/04\/tro-choi-8kbet-768x432.jpg 768w\" sizes=\"auto, (max-width: 800px) 100vw, 800px\" \/><\/a><figcaption id=\"caption-attachment-170\" class=\"wp-caption-text\">Tr\u00f2 Ch\u01a1i 8KBET \u2013 Kho Game 1000+ Th\u1ec3 Lo\u1ea1i H\u1ea5p D\u1eabn Nh\u1ea5t 2026<\/figcaption><\/figure>\n<p><a href=\"\/tro-choi-8kbet\/\">Tr\u00f2 ch\u01a1i 8KBET<\/a> l\u00e0 h\u1ec7 sinh th\u00e1i game \u0111\u1ed5i th\u01b0\u1edfng \u0111a d\u1ea1ng nh\u1ea5t tr\u00ean th\u1ecb tr\u01b0\u1eddng ch\u00e2u \u00c1 v\u1edbi h\u01a1n 1.000 t\u1ef1a game t\u1eeb c\u00e1c nh\u00e0 cung c\u1ea5p h\u00e0ng \u0111\u1ea7u th\u1ebf gi\u1edbi, bao ph\u1ee7 \u0111\u1ea7y \u0111\u1ee7 5 s\u1ea3nh ch\u00ednh. T\u1ed5ng quan c\u00e1c game ph\u1ed5 bi\u1ebfn t\u1ea1i <a href=\"https:\/\/proeditpress.com\/\">8kbet \u0111\u0103ng nh\u1eadp<\/a> gi\u00fap ng\u01b0\u1eddi ch\u01a1i d\u1ec5 d\u00e0ng l\u1ef1a ch\u1ecdn s\u1ea3n ph\u1ea9m ph\u00f9 h\u1ee3p. Th\u00f4ng tin nh\u00e0 cung c\u1ea5p game b\u1ea3n quy\u1ec1n tham kh\u1ea3o t\u1ea1i <a href=\"https:\/\/www.softgamings.com\/\" target=\"_blank\" rel=\"nofollow noopener\">SoftGamings.com<\/a>.<\/p>\n<table style=\"width: 100%; border-collapse: collapse; margin-bottom: 20px;\" border=\"1\">\n<thead>\n<tr style=\"background-color: #f2f2f2;\">\n<th>S\u1ea3nh game<\/th>\n<th>Nh\u00e0 cung c\u1ea5p ch\u00ednh<\/th>\n<th>S\u1ed1 l\u01b0\u1ee3ng tr\u00f2 ch\u01a1i<\/th>\n<th>\u0110i\u1ec3m n\u1ed5i b\u1eadt<\/th>\n<\/tr>\n<\/thead>\n<tbody>\n<tr>\n<td>N\u1ed5 h\u0169 (Slot)<\/td>\n<td>JDB, PG Soft, Jili, CQ9<\/td>\n<td>500+ game<\/td>\n<td>Jackpot t\u1ef7 \u0111\u1ed3ng, RTP cao<\/td>\n<\/tr>\n<tr>\n<td>Casino Live<\/td>\n<td>Evolution, WM, Sexy, SA<\/td>\n<td>100+ b\u00e0n ch\u01a1i<\/td>\n<td>Dealer ng\u01b0\u1eddi th\u1eadt, livestream HD<\/td>\n<\/tr>\n<tr>\n<td>B\u1eafn c\u00e1<\/td>\n<td>Jili, TP, FC<\/td>\n<td>50+ t\u1ef1a game<\/td>\n<td>\u0110\u1ed3 h\u1ecda 3D, \u0111\u1ed5i th\u01b0\u1edfng th\u1ebb c\u00e0o\/ti\u1ec1n th\u1eadt<\/td>\n<\/tr>\n<tr>\n<td>Th\u1ec3 thao<\/td>\n<td>SABA, CMD, UG<\/td>\n<td>30+ b\u1ed9 m\u00f4n<\/td>\n<td>K\u00e8o c\u01b0\u1ee3c \u0111a d\u1ea1ng, livestream b\u00f3ng \u0111\u00e1<\/td>\n<\/tr>\n<tr>\n<td>X\u1ed5 s\u1ed1<\/td>\n<td>GW, VR, TP<\/td>\n<td>20+ lo\u1ea1i h\u00ecnh<\/td>\n<td>T\u1ef7 l\u1ec7 th\u01b0\u1edfng 1 \u0103n 99 c\u1ef1c cao<\/td>\n<\/tr>\n<\/tbody>\n<\/table>\n<h2>T\u1ed5ng Quan C\u00e1c Th\u1ec3 Lo\u1ea1i Tr\u00f2 Ch\u01a1i T\u1ea1i 8KBET<\/h2>\n<p>H\u1ec7 th\u1ed1ng <strong>tr\u00f2 ch\u01a1i 8KBET<\/strong> \u0111\u01b0\u1ee3c ph\u00e2n lo\u1ea1i khoa h\u1ecdc gi\u00fap h\u1ed9i vi\u00ean d\u1ec5 d\u00e0ng t\u00ecm ki\u1ebfm theo s\u1edf th\u00edch. M\u1ed7i <strong>s\u1ea3nh game 8KBET<\/strong> \u0111\u1ec1u mang m\u1ed9t phong c\u00e1ch ri\u00eang bi\u1ec7t, t\u1eeb s\u1ef1 k\u1ecbch t\u00ednh c\u1ee7a s\u00f2ng b\u00e0i \u0111\u1ebfn s\u1ef1 s\u00f4i \u0111\u1ed9ng c\u1ee7a c\u00e1c v\u00f2ng quay h\u0169.<\/p>\n<h3>2.1 N\u1ed5 H\u0169 (Slot Game)<\/h3>\n<p>\u0110\u00e2y l\u00e0 s\u1ea3nh game c\u00f3 s\u1ed1 l\u01b0\u1ee3ng th\u00e0nh vi\u00ean \u0111\u00f4ng \u0111\u1ea3o nh\u1ea5t. V\u1edbi h\u01a1n 500 t\u1ef1a game t\u1eeb JDB, PG v\u00e0 Jili, s\u1ea3nh <a href=\"\/no-hu-8kbet\/\">n\u1ed5 h\u0169 8KBET<\/a> mang \u0111\u1ebfn c\u01a1 h\u1ed9i s\u0103n Jackpot h\u00e0ng t\u1ef7 \u0111\u1ed3ng v\u1edbi lu\u1eadt ch\u01a1i \u0111\u01a1n gi\u1ea3n v\u00e0 t\u1ef7 l\u1ec7 ho\u00e0n tr\u1ea3 (RTP) c\u1ef1c k\u1ef3 h\u1ea5p d\u1eabn.<\/p>\n<h3>2.2 B\u1eafn C\u00e1<\/h3>\n<p>N\u1ebfu b\u1ea1n y\u00eau th\u00edch c\u1ea3m gi\u00e1c chinh ph\u1ee5c \u0111\u1ea1i d\u01b0\u01a1ng, s\u1ea3nh <a href=\"\/ban-ca-8kbet\/\">b\u1eafn c\u00e1 8KBET<\/a> v\u1edbi 3 s\u1ea3nh l\u1edbn s\u1ebd kh\u00f4ng l\u00e0m b\u1ea1n th\u1ea5t v\u1ecdng. C\u00e1c <strong>tr\u00f2 ch\u01a1i t\u1ea1i 8KBET<\/strong> thu\u1ed9c th\u1ec3 lo\u1ea1i n\u00e0y n\u1ed5i b\u1eadt v\u1edbi \u0111\u1ed3 h\u1ecda 3D s\u1eafc n\u00e9t, h\u1ec7 th\u1ed1ng v\u0169 kh\u00ed \u0111a d\u1ea1ng v\u00e0 kh\u1ea3 n\u0103ng \u0111\u1ed5i th\u01b0\u1edfng ti\u1ec1n th\u1eadt nhanh ch\u00f3ng.<\/p>\n<h3>2.3 Casino Live<\/h3>\n<p>S\u1ea3nh <a href=\"\/casino-live-8kbet\/\">casino live 8KBET<\/a> quy t\u1ee5 6 nh\u00e0 cung c\u1ea5p h\u00e0ng \u0111\u1ea7u th\u1ebf gi\u1edbi. T\u1ea1i \u0111\u00e2y, b\u1ea1n s\u1ebd \u0111\u01b0\u1ee3c t\u01b0\u01a1ng t\u00e1c tr\u1ef1c ti\u1ebfp v\u1edbi c\u00e1c Dealer xinh \u0111\u1eb9p qua livestream ch\u1ea5t l\u01b0\u1ee3ng HD, mang \u0111\u1ebfn c\u1ea3m gi\u00e1c nh\u01b0 \u0111ang ng\u1ed3i t\u1ea1i c\u00e1c s\u00f2ng b\u00e0i Las Vegas hay Macau th\u1ef1c th\u1ee5.<\/p>\n<h3>2.4 Th\u1ec3 Thao<\/h3>\n<p>\u0110\u1ed1i v\u1edbi c\u00e1c t\u00edn \u0111\u1ed3 t\u00fac c\u1ea7u gi\u00e1o, s\u1ea3nh <a href=\"\/the-thao-8kbet\/\">th\u1ec3 thao 8KBET<\/a> cung c\u1ea5p h\u00e0ng ng\u00e0n tr\u1eadn \u0111\u1ea5u m\u1ed7i ng\u00e0y t\u1eeb b\u00f3ng \u0111\u00e1, b\u00f3ng r\u1ed5 \u0111\u1ebfn Esports. C\u00e1c <strong>th\u1ec3 lo\u1ea1i game 8KBET<\/strong> trong m\u1ee5c th\u1ec3 thao lu\u00f4n \u0111\u1ea3m b\u1ea3o t\u1ef7 l\u1ec7 k\u00e8o c\u1ea1nh tranh v\u00e0 c\u1eadp nh\u1eadt nhanh nh\u1ea5t th\u1ecb tr\u01b0\u1eddng.<\/p>\n<h3>2.5 X\u1ed5 S\u1ed1 &amp; L\u00f4 \u0110\u1ec1<\/h3>\n<p>8KBET mang \u0111\u1ebfn s\u00e2n ch\u01a1i x\u1ed5 s\u1ed1 tr\u1ef1c tuy\u1ebfn v\u1edbi t\u1ef7 l\u1ec7 tr\u1ea3 th\u01b0\u1edfng cao h\u01a1n h\u1eb3n so v\u1edbi \u0111\u1ea1i l\u00fd truy\u1ec1n th\u1ed1ng (l\u00ean t\u1edbi 1 \u0103n 99). B\u1ea1n c\u00f3 th\u1ec3 tham gia x\u1ed5 s\u1ed1 3 mi\u1ec1n, Vietlott online ho\u1eb7c c\u00e1c lo\u1ea1i h\u00ecnh x\u1ed5 s\u1ed1 nhanh theo gi\u00e2y, theo ph\u00fat.<\/p>\n<h3>2.6 Game B\u00e0i D\u00e2n Gian<\/h3>\n<p>B\u00ean c\u1ea1nh c\u00e1c game hi\u1ec7n \u0111\u1ea1i, <strong>game 8KBET<\/strong> c\u00f2n gi\u1eef v\u1eefng gi\u00e1 tr\u1ecb truy\u1ec1n th\u1ed1ng v\u1edbi c\u00e1c tr\u00f2 ch\u01a1i nh\u01b0 Ti\u1ebfn l\u00ean mi\u1ec1n Nam, Ph\u1ecfm, M\u1eadu binh, Li\u00eang. Giao di\u1ec7n th\u00e2n thi\u1ec7n v\u00e0 b\u00e0n ch\u01a1i linh ho\u1ea1t gi\u00fap b\u1ea1n d\u1ec5 d\u00e0ng so t\u00e0i c\u00f9ng c\u00e1c b\u00e0i th\u1ee7 kh\u1eafp c\u1ea3 n\u01b0\u1edbc.<\/p>\n<h2>Nh\u00e0 Cung C\u1ea5p Game T\u1ea1i 8KBET<\/h2>\n<figure id=\"attachment_169\" aria-describedby=\"caption-attachment-169\" style=\"width: 800px\" class=\"wp-caption aligncenter\"><a href=\"https:\/\/proeditpress.com\/index.php\/tro-choi\/nha-cung-cap-game-tro-choi-8kbet\/#main\" rel=\"attachment wp-att-169\"><img loading=\"lazy\" decoding=\"async\" class=\"size-full wp-image-169\" src=\"http:\/\/proeditpress.com\/wp-content\/uploads\/2026\/04\/nha-cung-cap-game-tro-choi-8kbet.jpg\" alt=\"Tr\u00f2 Ch\u01a1i 8KBET \u2013 Nh\u00e0 Cung C\u1ea5p Game T\u1ea1i 8KBET\" width=\"800\" height=\"450\" srcset=\"https:\/\/proeditpress.com\/wp-content\/uploads\/2026\/04\/nha-cung-cap-game-tro-choi-8kbet.jpg 800w, https:\/\/proeditpress.com\/wp-content\/uploads\/2026\/04\/nha-cung-cap-game-tro-choi-8kbet-300x169.jpg 300w, https:\/\/proeditpress.com\/wp-content\/uploads\/2026\/04\/nha-cung-cap-game-tro-choi-8kbet-768x432.jpg 768w\" sizes=\"auto, (max-width: 800px) 100vw, 800px\" \/><\/a><figcaption id=\"caption-attachment-169\" class=\"wp-caption-text\">Tr\u00f2 Ch\u01a1i 8KBET \u2013 Nh\u00e0 Cung C\u1ea5p Game T\u1ea1i 8KBET<\/figcaption><\/figure>\n<p>S\u1ef1 uy t\u00edn c\u1ee7a <strong>tr\u00f2 ch\u01a1i 8KBET<\/strong> \u0111\u1ebfn t\u1eeb vi\u1ec7c h\u1ee3p t\u00e1c v\u1edbi nh\u1eefng &#8220;\u00f4ng l\u1edbn&#8221; trong ng\u00e0nh s\u1ea3n xu\u1ea5t game to\u00e0n c\u1ea7u. C\u00e1c nh\u00e0 cung c\u1ea5p ti\u00eau bi\u1ec3u bao g\u1ed3m:<\/p>\n<ul>\n<li><strong>JDB &amp; PG Soft:<\/strong> Chuy\u00ean gia v\u1ec1 n\u1ed5 h\u0169 v\u1edbi \u0111\u1ed3 h\u1ecda \u0111\u1ec9nh cao v\u00e0 t\u00ednh n\u0103ng bonus \u0111\u1ed9c \u0111\u00e1o.<\/li>\n<li><strong>Jili:<\/strong> N\u1ed5i ti\u1ebfng v\u1edbi c\u00e1c d\u00f2ng game b\u1eafn c\u00e1 v\u00e0 slot mang \u0111\u1eadm phong c\u00e1ch \u00c1 \u0110\u00f4ng.<\/li>\n<li><strong>Evolution Gaming:<\/strong> \u0110\u01a1n v\u1ecb s\u1ed1 1 th\u1ebf gi\u1edbi v\u1ec1 c\u00e1c s\u1ea3n ph\u1ea9m Casino Live v\u00e0 Game Show tr\u1ef1c tuy\u1ebfn.<\/li>\n<li><strong>SABA Sports:<\/strong> N\u1ec1n t\u1ea3ng c\u00e1 c\u01b0\u1ee3c th\u1ec3 thao \u1ed5n \u0111\u1ecbnh v\u00e0 ph\u1ed5 bi\u1ebfn nh\u1ea5t t\u1ea1i Vi\u1ec7t Nam.<\/li>\n<li><strong>Pragmatic Play:<\/strong> Cung c\u1ea5p \u0111a d\u1ea1ng t\u1eeb slot \u0111\u1ebfn live casino v\u1edbi c\u00e1c gi\u1ea3i \u0111\u1ea5u th\u01b0\u1edfng l\u1edbn h\u00e0ng tu\u1ea7n.<\/li>\n<\/ul>\n<h2>C\u00e1ch Truy C\u1eadp &amp; Ch\u01a1i Game 8KBET<\/h2>\n<p>\u0110\u1ec3 tham gia c\u00e1c <strong>tr\u00f2 ch\u01a1i t\u1ea1i 8KBET<\/strong>, ng\u01b0\u1eddi ch\u01a1i c\u00f3 th\u1ec3 truy c\u1eadp qua 2 ph\u01b0\u01a1ng th\u1ee9c ch\u00ednh:<\/p>\n<ul>\n<li><strong>Tr\u00ecnh duy\u1ec7t Web:<\/strong> Ch\u01a1i tr\u1ef1c ti\u1ebfp tr\u00ean PC ho\u1eb7c laptop m\u00e0 kh\u00f4ng c\u1ea7n c\u00e0i \u0111\u1eb7t th\u00eam ph\u1ea7n m\u1ec1m, t\u01b0\u01a1ng th\u00edch v\u1edbi Chrome, Firefox, Safari.<\/li>\n<li><strong>\u1ee8ng d\u1ee5ng Mobile:<\/strong> T\u1ea3i App 8KBET cho iOS v\u00e0 Android \u0111\u1ec3 tr\u1ea3i nghi\u1ec7m game m\u01b0\u1ee3t m\u00e0 h\u01a1n, kh\u00f4ng lo v\u1ea5n \u0111\u1ec1 ch\u1eb7n link v\u00e0 ti\u1ebft ki\u1ec7m d\u1eef li\u1ec7u di \u0111\u1ed9ng.<\/li>\n<\/ul>\n<h2>Game N\u00e0o \u0110ang Hot Nh\u1ea5t T\u1ea1i 8KBET?<\/h2>\n<p>D\u1ef1a tr\u00ean s\u1ed1 l\u01b0\u1ee3ng ng\u01b0\u1eddi truy c\u1eadp h\u00e0ng ng\u00e0y, d\u01b0\u1edbi \u0111\u00e2y l\u00e0 danh s\u00e1ch 5 <strong>game 8KBET<\/strong> \u0111ang d\u1eabn \u0111\u1ea7u xu h\u01b0\u1edbng:<\/p>\n<ol>\n<li><strong>Mahjong Ways 2 (N\u1ed5 h\u0169):<\/strong> Game slot l\u1ea5y c\u1ea3m h\u1ee9ng t\u1eeb m\u1ea1t ch\u01b0\u1ee3c v\u1edbi t\u1ef7 l\u1ec7 n\u1ed5 h\u0169 c\u1ef1c l\u1edbn.<\/li>\n<li><strong>Baccarat Sexy (Casino):<\/strong> B\u00e0n ch\u01a1i baccarat v\u1edbi d\u00e0n dealer bikini n\u00f3ng b\u1ecfng.<\/li>\n<li><strong>B\u1eafn C\u00e1 Long V\u01b0\u01a1ng:<\/strong> Game b\u1eafn c\u00e1 kinh \u0111i\u1ec3n v\u1edbi c\u00e1c Boss kh\u1ee7ng v\u00e0 kho b\u00e1u \u1ea9n gi\u1ea5u.<\/li>\n<li><strong>S\u1ea3nh SABA B\u00f3ng \u0110\u00e1:<\/strong> N\u01a1i t\u1eadp trung c\u00e1c k\u00e8o c\u01b0\u1ee3c Ngo\u1ea1i h\u1ea1ng Anh, Champions League s\u00f4i \u0111\u1ed9ng.<\/li>\n<li><strong>X\u1ed5 S\u1ed1 Si\u00eau T\u1ed1c:<\/strong> Lo\u1ea1i h\u00ecnh quay s\u1ed1 nh\u1eadn k\u1ebft qu\u1ea3 ch\u1ec9 sau 1 gi\u00e2y, ph\u00f9 h\u1ee3p cho ng\u01b0\u1eddi th\u00edch \u0111\u00e1nh nhanh th\u1eafng nhanh.<\/li>\n<\/ol>\n<h2>C\u00e2u H\u1ecfi Th\u01b0\u1eddng G\u1eb7p (FAQ)<\/h2>\n<p>M\u1ecdi th\u00f4ng tin chi ti\u1ebft v\u1ec1 s\u1ea3nh ch\u01a1i v\u00e0 h\u01b0\u1edbng d\u1eabn c\u00e1 c\u01b0\u1ee3c \u0111\u1ec1u c\u00f3 s\u1eb5n t\u1ea1i <a href=\"https:\/\/proeditpress.com\/\">8kbet com<\/a>.<\/p>\n<div>\n<div>\n<h3>1. Tr\u00f2 ch\u01a1i 8KBET c\u00f3 ch\u01a1i th\u1eed mi\u1ec5n ph\u00ed \u0111\u01b0\u1ee3c kh\u00f4ng?<\/h3>\n<div>\n<p>C\u00f3, h\u1ea7u h\u1ebft c\u00e1c <strong>tr\u00f2 ch\u01a1i t\u1ea1i 8KBET<\/strong> (\u0111\u1eb7c bi\u1ec7t l\u00e0 N\u1ed5 h\u0169 v\u00e0 B\u1eafn c\u00e1) \u0111\u1ec1u c\u00f3 ch\u1ebf \u0111\u1ed9 &#8220;Ch\u01a1i th\u1eed&#8221; \u0111\u1ec3 b\u1ea1n l\u00e0m quen tr\u01b0\u1edbc khi n\u1ea1p ti\u1ec1n th\u1eadt.<\/p>\n<\/div>\n<\/div>\n<div>\n<h3>2. K\u1ebft qu\u1ea3 c\u00e1c s\u1ea3nh game 8KBET c\u00f3 minh b\u1ea1ch kh\u00f4ng?<\/h3>\n<div>\n<p>T\u1ea5t c\u1ea3 game \u0111\u1ec1u \u0111\u01b0\u1ee3c cung c\u1ea5p b\u1edfi b\u00ean th\u1ee9 3 v\u00e0 s\u1eed d\u1ee5ng c\u00f4ng ngh\u1ec7 RNG (t\u1ea1o s\u1ed1 ng\u1eabu nhi\u00ean), \u0111\u1ea3m b\u1ea3o k\u1ebft qu\u1ea3 100% kh\u00e1ch quan v\u00e0 kh\u00f4ng th\u1ec3 can thi\u1ec7p.<\/p>\n<\/div>\n<\/div>\n<div>\n<h3>3. T\u00f4i c\u00f3 c\u1ea7n \u0111\u0103ng k\u00fd nhi\u1ec1u t\u00e0i kho\u1ea3n \u0111\u1ec3 ch\u01a1i c\u00e1c game kh\u00e1c nhau kh\u00f4ng?<\/h3>\n<div>\n<p>Kh\u00f4ng, b\u1ea1n ch\u1ec9 c\u1ea7n duy nh\u1ea5t m\u1ed9t t\u00e0i kho\u1ea3n 8KBET \u0111\u1ec3 truy c\u1eadp v\u00e0o to\u00e0n b\u1ed9 kho 1000+ <strong>th\u1ec3 lo\u1ea1i game 8KBET<\/strong> c\u00f3 tr\u00ean h\u1ec7 th\u1ed1ng.<\/p>\n<\/div>\n<\/div>\n<div>\n<h3>4. T\u1ea1i sao m\u1ed9t s\u1ed1 game b\u1ecb b\u1ea3o tr\u00ec v\u00e0 kh\u00f4ng v\u00e0o \u0111\u01b0\u1ee3c?<\/h3>\n<div>\n<p>\u0110\u00f4i khi c\u00e1c nh\u00e0 cung c\u1ea5p s\u1ebd b\u1ea3o tr\u00ec \u0111\u1ecbnh k\u1ef3 \u0111\u1ec3 c\u1eadp nh\u1eadt t\u00ednh n\u0103ng m\u1edbi ho\u1eb7c n\u00e2ng cao b\u1ea3o m\u1eadt. Th\u1eddi gian b\u1ea3o tr\u00ec th\u01b0\u1eddng r\u1ea5t ng\u1eafn v\u00e0 s\u1ebd c\u00f3 th\u00f4ng b\u00e1o tr\u01b0\u1edbc tr\u00ean giao di\u1ec7n s\u1ea3nh game.<\/p>\n<\/div>\n<\/div>\n<div>\n<h3>5. T\u00f4i c\u00f3 th\u1ec3 ch\u01a1i tr\u00f2 ch\u01a1i 8KBET tr\u00ean nhi\u1ec1u thi\u1ebft b\u1ecb c\u00f9ng l\u00fac kh\u00f4ng?<\/h3>\n<div>\n<p>\u0110\u1ec3 \u0111\u1ea3m b\u1ea3o an to\u00e0n t\u00e0i kho\u1ea3n, h\u1ec7 th\u1ed1ng ch\u1ec9 cho ph\u00e9p m\u1ed9t phi\u00ean \u0111\u0103ng nh\u1eadp t\u1ea1i m\u1ed9t th\u1eddi \u0111i\u1ec3m. N\u1ebfu b\u1ea1n \u0111\u0103ng nh\u1eadp v\u00e0o thi\u1ebft b\u1ecb m\u1edbi, thi\u1ebft b\u1ecb c\u0169 s\u1ebd t\u1ef1 \u0111\u1ed9ng \u0111\u0103ng xu\u1ea5t.<\/p>\n<\/div>\n<\/div>\n<\/div>\n","protected":false},"excerpt":{"rendered":"<p>Tr\u00f2 Ch\u01a1i 8KBET \u2013 Kho Game 1000+ Th\u1ec3 Lo\u1ea1i \u0110\u1ec9nh Cao Tr\u00f2 ch\u01a1i 8KBET l\u00e0 h\u1ec7 sinh th\u00e1i game \u0111\u1ed5i th\u01b0\u1edfng \u0111a d\u1ea1ng nh\u1ea5t tr\u00ean th\u1ecb tr\u01b0\u1eddng ch\u00e2u \u00c1 v\u1edbi h\u01a1n 1.000 t\u1ef1a game t\u1eeb c\u00e1c nh\u00e0 cung c\u1ea5p h\u00e0ng \u0111\u1ea7u th\u1ebf gi\u1edbi, bao ph\u1ee7 \u0111\u1ea7y \u0111\u1ee7 5 s\u1ea3nh ch\u00ednh. T\u1ed5ng quan c\u00e1c game ph\u1ed5 [&#8230;]\n","protected":false},"author":1,"featured_media":170,"parent":0,"menu_order":0,"comment_status":"closed","ping_status":"closed","template":"","meta":{"footnotes":""},"class_list":["post-15","page","type-page","status-publish","has-post-thumbnail","hentry"],"_links":{"self":[{"href":"https:\/\/proeditpress.com\/wp-json\/wp\/v2\/pages\/15","targetHints":{"allow":["GET"]}}],"collection":[{"href":"https:\/\/proeditpress.com\/wp-json\/wp\/v2\/pages"}],"about":[{"href":"https:\/\/proeditpress.com\/wp-json\/wp\/v2\/types\/page"}],"author":[{"embeddable":true,"href":"https:\/\/proeditpress.com\/wp-json\/wp\/v2\/users\/1"}],"replies":[{"embeddable":true,"href":"https:\/\/proeditpress.com\/wp-json\/wp\/v2\/comments?post=15"}],"version-history":[{"count":3,"href":"https:\/\/proeditpress.com\/wp-json\/wp\/v2\/pages\/15\/revisions"}],"predecessor-version":[{"id":171,"href":"https:\/\/proeditpress.com\/wp-json\/wp\/v2\/pages\/15\/revisions\/171"}],"wp:featuredmedia":[{"embeddable":true,"href":"https:\/\/proeditpress.com\/wp-json\/wp\/v2\/media\/170"}],"wp:attachment":[{"href":"https:\/\/proeditpress.com\/wp-json\/wp\/v2\/media?parent=15"}],"curies":[{"name":"wp","href":"https:\/\/api.w.org\/{rel}","templated":true}]}}